{"id":701,"date":"2016-02-01T12:06:56","date_gmt":"2016-02-01T11:06:56","guid":{"rendered":"http:\/\/www.evelyneduverne.com\/?page_id=701"},"modified":"2022-11-22T06:59:40","modified_gmt":"2022-11-22T05:59:40","slug":"contact","status":"publish","type":"page","link":"http:\/\/www.evelyneduverne.com\/?page_id=701","title":{"rendered":"Contact"},"content":{"rendered":"<p style=\"text-align: center;\">N&rsquo;h\u00e9sitez pas \u00e0 me contacter :<\/p>\n<p style=\"text-align: center;\"><a href=\"mailto:evelyneduverne.art@gmail.com\">evelyneduverne.art@gmail.com<\/a><\/p>\n<p style=\"text-align: center;\">+34674298783<\/p>\n<p style=\"text-align: center;\">Pour des collaborations internationales, je suis repr\u00e9sent\u00e9e<br>par l&rsquo;agence d&rsquo;illustration : <a title=\"https:\/\/www.lemonadeillustration.com\/\" href=\"https:\/\/www.lemonadeillustration.com\/\" target=\"_blank\" rel=\"noopener\">Lemonade Illustration Agency<\/a><\/p>\n<p><img decoding=\"async\" loading=\"lazy\" class=\"wp-image-868 aligncenter\" src=\"http:\/\/www.evelyneduverne.com\/wp-content\/uploads\/poupees-dolls-filles.jpg\" alt=\"poupees-dolls-filles\" width=\"1100\" height=\"135\" srcset=\"http:\/\/www.evelyneduverne.com\/wp-content\/uploads\/poupees-dolls-filles.jpg 1659w, http:\/\/www.evelyneduverne.com\/wp-content\/uploads\/poupees-dolls-filles-300x37.jpg 300w, http:\/\/www.evelyneduverne.com\/wp-content\/uploads\/poupees-dolls-filles-768x94.jpg 768w, http:\/\/www.evelyneduverne.com\/wp-content\/uploads\/poupees-dolls-filles-1024x125.jpg 1024w\" sizes=\"(max-width: 1100px) 100vw, 1100px\" \/><\/p>\n\n\n<p><\/p>\n","protected":false},"excerpt":{"rendered":"<p>N&rsquo;h\u00e9sitez pas \u00e0 me contacter : evelyneduverne.art@gmail.com +34674298783 Pour des collaborations internationales, je suis repr\u00e9sent\u00e9epar l&rsquo;agence d&rsquo;illustration : Lemonade Illustration Agency<\/p>\n","protected":false},"author":1,"featured_media":0,"parent":0,"menu_order":0,"comment_status":"closed","ping_status":"closed","template":"","meta":{"_mi_skip_tracking":false,"ngg_post_thumbnail":0},"aioseo_notices":[],"_links":{"self":[{"href":"http:\/\/www.evelyneduverne.com\/index.php?rest_route=\/wp\/v2\/pages\/701"}],"collection":[{"href":"http:\/\/www.evelyneduverne.com\/index.php?rest_route=\/wp\/v2\/pages"}],"about":[{"href":"http:\/\/www.evelyneduverne.com\/index.php?rest_route=\/wp\/v2\/types\/page"}],"author":[{"embeddable":true,"href":"http:\/\/www.evelyneduverne.com\/index.php?rest_route=\/wp\/v2\/users\/1"}],"replies":[{"embeddable":true,"href":"http:\/\/www.evelyneduverne.com\/index.php?rest_route=%2Fwp%2Fv2%2Fcomments&post=701"}],"version-history":[{"count":14,"href":"http:\/\/www.evelyneduverne.com\/index.php?rest_route=\/wp\/v2\/pages\/701\/revisions"}],"predecessor-version":[{"id":1904,"href":"http:\/\/www.evelyneduverne.com\/index.php?rest_route=\/wp\/v2\/pages\/701\/revisions\/1904"}],"wp:attachment":[{"href":"http:\/\/www.evelyneduverne.com\/index.php?rest_route=%2Fwp%2Fv2%2Fmedia&parent=701"}],"curies":[{"name":"wp","href":"https:\/\/api.w.org\/{rel}","templated":true}]}}